{"id":4511,"date":"2025-01-27T08:27:25","date_gmt":"2025-01-27T08:27:25","guid":{"rendered":"https:\/\/www.oriane-nature.com\/?page_id=4511"},"modified":"2025-02-03T14:18:24","modified_gmt":"2025-02-03T14:18:24","slug":"oriane-contact","status":"publish","type":"page","link":"https:\/\/www.oriane-nature.com\/en_us\/oriane-contact\/","title":{"rendered":"Oriane Contact"},"content":{"rendered":"\t\t<div data-elementor-type=\"wp-page\" data-elementor-id=\"4511\" class=\"elementor elementor-4511\" data-elementor-post-type=\"page\">\n\t\t\t\t<div class=\"elementor-element elementor-element-711051d e-flex e-con-boxed e-con e-parent\" data-id=\"711051d\" data-element_type=\"container\" data-settings=\"{&quot;background_background&quot;:&quot;classic&quot;}\">\n\t\t\t\t\t<div class=\"e-con-inner\">\n\t\t\t\t<div class=\"elementor-element elementor-element-036cfeb elementor-widget elementor-widget-heading\" data-id=\"036cfeb\" data-element_type=\"widget\" data-widget_type=\"heading.default\">\n\t\t\t\t<div class=\"elementor-widget-container\">\n\t\t\t\t\t<h1 class=\"elementor-heading-title elementor-size-default\">Contactez-nous !<\/h1>\t\t\t\t<\/div>\n\t\t\t\t<\/div>\n\t\t\t\t\t<\/div>\n\t\t\t\t<\/div>\n\t\t<div class=\"elementor-element elementor-element-8bee006 e-flex e-con-boxed e-con e-parent\" data-id=\"8bee006\" data-element_type=\"container\">\n\t\t\t\t\t<div class=\"e-con-inner\">\n\t\t<div class=\"elementor-element elementor-element-38b9f7b e-con-full e-flex e-con e-child\" data-id=\"38b9f7b\" data-element_type=\"container\" data-settings=\"{&quot;background_background&quot;:&quot;classic&quot;}\">\n\t\t<div class=\"elementor-element elementor-element-c75d33f e-con-full e-flex e-con e-child\" data-id=\"c75d33f\" data-element_type=\"container\">\n\t\t\t\t<div class=\"elementor-element elementor-element-29cca0b elementor-widget elementor-widget-heading\" data-id=\"29cca0b\" data-element_type=\"widget\" data-widget_type=\"heading.default\">\n\t\t\t\t<div class=\"elementor-widget-container\">\n\t\t\t\t\t<h3 class=\"elementor-heading-title elementor-size-default\">Informations de contact<\/h3>\t\t\t\t<\/div>\n\t\t\t\t<\/div>\n\t\t\t\t<div class=\"elementor-element elementor-element-76aa2db elementor-widget elementor-widget-text-editor\" data-id=\"76aa2db\" data-element_type=\"widget\" data-widget_type=\"text-editor.default\">\n\t\t\t\t<div class=\"elementor-widget-container\">\n\t\t\t\t\t\t\t\t\t<p>Des questions ou des remarques ?<br \/>\u00c9crivez-nous simplement un message !<\/p>\t\t\t\t\t\t\t\t<\/div>\n\t\t\t\t<\/div>\n\t\t\t\t<div class=\"elementor-element elementor-element-29a8951 elementor-widget elementor-widget-spacer\" data-id=\"29a8951\" data-element_type=\"widget\" data-widget_type=\"spacer.default\">\n\t\t\t\t<div class=\"elementor-widget-container\">\n\t\t\t\t\t\t\t<div class=\"elementor-spacer\">\n\t\t\t<div class=\"elementor-spacer-inner\"><\/div>\n\t\t<\/div>\n\t\t\t\t\t\t<\/div>\n\t\t\t\t<\/div>\n\t\t\t\t<div class=\"elementor-element elementor-element-6cb5414 elementor-icon-list--layout-traditional elementor-list-item-link-full_width elementor-widget elementor-widget-icon-list\" data-id=\"6cb5414\" data-element_type=\"widget\" data-widget_type=\"icon-list.default\">\n\t\t\t\t<div class=\"elementor-widget-container\">\n\t\t\t\t\t\t\t<ul class=\"elementor-icon-list-items\">\n\t\t\t\t\t\t\t<li class=\"elementor-icon-list-item\">\n\t\t\t\t\t\t\t\t\t\t\t<a href=\"tel:\u00a0+330473530668\">\n\n\t\t\t\t\t\t\t\t\t\t\t\t<span class=\"elementor-icon-list-icon\">\n\t\t\t\t\t\t\t<svg xmlns=\"http:\/\/www.w3.org\/2000\/svg\" width=\"24\" height=\"24\" viewBox=\"0 0 24 24\" fill=\"none\"><path d=\"M20.0002 10.999H22.0002C22.0002 5.869 18.1272 2 12.9902 2V4C17.0522 4 20.0002 6.943 20.0002 10.999Z\" fill=\"#A1B41D\"><\/path><path d=\"M13.0003 7.99999C15.1033 7.99999 16.0003 8.89699 16.0003 11H18.0003C18.0003 7.77499 16.2253 5.99999 13.0003 5.99999V7.99999ZM16.4223 13.443C16.2301 13.2683 15.9776 13.1752 15.7181 13.1832C15.4585 13.1912 15.2123 13.2998 15.0313 13.486L12.6383 15.947C12.0623 15.837 10.9043 15.476 9.71228 14.287C8.52028 13.094 8.15928 11.933 8.05228 11.361L10.5113 8.96699C10.6977 8.78612 10.8064 8.53982 10.8144 8.2802C10.8225 8.02059 10.7292 7.76804 10.5543 7.57599L6.85928 3.51299C6.68432 3.32035 6.44116 3.2035 6.18143 3.18725C5.92171 3.17101 5.66588 3.25665 5.46828 3.42599L3.29828 5.28699C3.12539 5.46051 3.0222 5.69145 3.00828 5.93599C2.99328 6.18599 2.70728 12.108 7.29928 16.702C11.3053 20.707 16.3233 21 17.7053 21C17.9073 21 18.0313 20.994 18.0643 20.992C18.3088 20.9783 18.5396 20.8747 18.7123 20.701L20.5723 18.53C20.7417 18.3325 20.8276 18.0768 20.8115 17.817C20.7954 17.5573 20.6788 17.3141 20.4863 17.139L16.4223 13.443Z\" fill=\"#A1B41D\"><\/path><\/svg>\t\t\t\t\t\t<\/span>\n\t\t\t\t\t\t\t\t\t\t<span class=\"elementor-icon-list-text\">\u00a0+33 (0)4 73 53 06 68<\/span>\n\t\t\t\t\t\t\t\t\t\t\t<\/a>\n\t\t\t\t\t\t\t\t\t<\/li>\n\t\t\t\t\t\t\t\t<li class=\"elementor-icon-list-item\">\n\t\t\t\t\t\t\t\t\t\t\t<a href=\"mailto:accueil@oriane-nature.com\">\n\n\t\t\t\t\t\t\t\t\t\t\t\t<span class=\"elementor-icon-list-icon\">\n\t\t\t\t\t\t\t<svg xmlns=\"http:\/\/www.w3.org\/2000\/svg\" width=\"24\" height=\"24\" viewBox=\"0 0 24 24\" fill=\"none\"><path d=\"M22 4H2V20H22V4ZM20 8L12 13L4 8V6L12 11L20 6V8Z\" fill=\"#A1B41D\"><\/path><\/svg>\t\t\t\t\t\t<\/span>\n\t\t\t\t\t\t\t\t\t\t<span class=\"elementor-icon-list-text\">accueil@oriane-nature.com<\/span>\n\t\t\t\t\t\t\t\t\t\t\t<\/a>\n\t\t\t\t\t\t\t\t\t<\/li>\n\t\t\t\t\t\t\t\t<li class=\"elementor-icon-list-item\">\n\t\t\t\t\t\t\t\t\t\t\t<span class=\"elementor-icon-list-icon\">\n\t\t\t\t\t\t\t<svg xmlns=\"http:\/\/www.w3.org\/2000\/svg\" width=\"24\" height=\"24\" viewBox=\"0 0 24 24\" fill=\"none\"><path d=\"M12 1.5C9.81276 1.50258 7.71584 2.3726 6.16923 3.91922C4.62261 5.46584 3.75259 7.56276 3.75001 9.75C3.74739 11.5374 4.33124 13.2763 5.41201 14.7C5.41201 14.7 5.63701 14.9963 5.67376 15.039L12 22.5L18.3293 15.0353C18.3623 14.9955 18.588 14.7 18.588 14.7L18.5888 14.6978C19.669 13.2747 20.2526 11.5366 20.25 9.75C20.2474 7.56276 19.3774 5.46584 17.8308 3.91922C16.2842 2.3726 14.1873 1.50258 12 1.5ZM12 12.75C11.4067 12.75 10.8266 12.5741 10.3333 12.2444C9.83995 11.9148 9.45543 11.4462 9.22837 10.8981C9.00131 10.3499 8.9419 9.74667 9.05765 9.16473C9.17341 8.58279 9.45913 8.04824 9.87869 7.62868C10.2982 7.20912 10.8328 6.9234 11.4147 6.80764C11.9967 6.69189 12.5999 6.7513 13.1481 6.97836C13.6962 7.20542 14.1648 7.58994 14.4944 8.08329C14.8241 8.57664 15 9.15666 15 9.75C14.999 10.5453 14.6826 11.3078 14.1202 11.8702C13.5578 12.4326 12.7954 12.749 12 12.75Z\" fill=\"#A1B41D\"><\/path><\/svg>\t\t\t\t\t\t<\/span>\n\t\t\t\t\t\t\t\t\t\t<span class=\"elementor-icon-list-text\">4, Le Pont Martel  <br>63120 Courpiere, FRANCE<\/span>\n\t\t\t\t\t\t\t\t\t<\/li>\n\t\t\t\t\t\t<\/ul>\n\t\t\t\t\t\t<\/div>\n\t\t\t\t<\/div>\n\t\t\t\t<\/div>\n\t\t<div class=\"elementor-element elementor-element-3f5e4f3 e-con-full e-flex e-con e-child\" data-id=\"3f5e4f3\" data-element_type=\"container\">\n\t\t\t\t<div class=\"elementor-element elementor-element-15cfde4 elementor-button-align-end custom-form elementor-widget elementor-widget-form\" data-id=\"15cfde4\" data-element_type=\"widget\" data-settings=\"{&quot;step_next_label&quot;:&quot;Next&quot;,&quot;step_previous_label&quot;:&quot;Previous&quot;,&quot;button_width&quot;:&quot;100&quot;,&quot;step_type&quot;:&quot;number_text&quot;,&quot;step_icon_shape&quot;:&quot;circle&quot;}\" data-widget_type=\"form.default\">\n\t\t\t\t<div class=\"elementor-widget-container\">\n\t\t\t\t\t\t\t<form class=\"elementor-form\" method=\"post\" name=\"New Form\" aria-label=\"New Form\">\r\n\t\t\t<input type=\"hidden\" name=\"post_id\" value=\"4511\"\/>\r\n\t\t\t<input type=\"hidden\" name=\"form_id\" value=\"15cfde4\"\/>\r\n\t\t\t<input type=\"hidden\" name=\"referer_title\" value=\"Oriane Contact - Oriane\" \/>\r\n\r\n\t\t\t\t\t\t\t<input type=\"hidden\" name=\"queried_id\" value=\"4511\"\/>\r\n\t\t\t\r\n\t\t\t<div class=\"elementor-form-fields-wrapper elementor-labels-above\">\r\n\t\t\t\t\t\t\t\t<div class=\"elementor-field-type-text elementor-field-group elementor-column elementor-field-group-name elementor-col-50\">\r\n\t\t\t\t\t\t\t\t\t\t\t\t<label for=\"form-field-name\" class=\"elementor-field-label\">\r\n\t\t\t\t\t\t\t\tNom \t\t\t\t\t\t\t<\/label>\r\n\t\t\t\t\t\t\t\t\t\t\t\t\t\t<input size=\"1\" type=\"text\" name=\"form_fields[name]\" id=\"form-field-name\" class=\"elementor-field elementor-size-sm  elementor-field-textual\" placeholder=\"Nom \">\r\n\t\t\t\t\t\t\t\t\t\t\t<\/div>\r\n\t\t\t\t\t\t\t\t<div class=\"elementor-field-type-text elementor-field-group elementor-column elementor-field-group-email elementor-col-50 elementor-field-required\">\r\n\t\t\t\t\t\t\t\t\t\t\t\t<label for=\"form-field-email\" class=\"elementor-field-label\">\r\n\t\t\t\t\t\t\t\tPr\u00e9nom \t\t\t\t\t\t\t<\/label>\r\n\t\t\t\t\t\t\t\t\t\t\t\t\t\t<input size=\"1\" type=\"text\" name=\"form_fields[email]\" id=\"form-field-email\" class=\"elementor-field elementor-size-sm  elementor-field-textual\" placeholder=\"Pr\u00e9nom \" required=\"required\">\r\n\t\t\t\t\t\t\t\t\t\t\t<\/div>\r\n\t\t\t\t\t\t\t\t<div class=\"elementor-field-type-email elementor-field-group elementor-column elementor-field-group-field_8c92d48 elementor-col-50 elementor-field-required\">\r\n\t\t\t\t\t\t\t\t\t\t\t\t<label for=\"form-field-field_8c92d48\" class=\"elementor-field-label\">\r\n\t\t\t\t\t\t\t\tAdresse mail\t\t\t\t\t\t\t<\/label>\r\n\t\t\t\t\t\t\t\t\t\t\t\t\t\t<input size=\"1\" type=\"email\" name=\"form_fields[field_8c92d48]\" id=\"form-field-field_8c92d48\" class=\"elementor-field elementor-size-sm  elementor-field-textual\" placeholder=\"Adresse mail\" required=\"required\">\r\n\t\t\t\t\t\t\t\t\t\t\t<\/div>\r\n\t\t\t\t\t\t\t\t<div class=\"elementor-field-type-text elementor-field-group elementor-column elementor-field-group-field_2da068c elementor-col-50 elementor-field-required\">\r\n\t\t\t\t\t\t\t\t\t\t\t\t<label for=\"form-field-field_2da068c\" class=\"elementor-field-label\">\r\n\t\t\t\t\t\t\t\tNum\u00e9ro de t\u00e9l\u00e9phone  \t\t\t\t\t\t\t<\/label>\r\n\t\t\t\t\t\t\t\t\t\t\t\t\t\t<input size=\"1\" type=\"text\" name=\"form_fields[field_2da068c]\" id=\"form-field-field_2da068c\" class=\"elementor-field elementor-size-sm  elementor-field-textual\" placeholder=\"Num\u00e9ro de t\u00e9l\u00e9phone  \" required=\"required\">\r\n\t\t\t\t\t\t\t\t\t\t\t<\/div>\r\n\t\t\t\t\t\t\t\t<div class=\"elementor-field-type-checkbox elementor-field-group elementor-column elementor-field-group-field_9e802a7 elementor-col-100\">\r\n\t\t\t\t\t\t\t\t\t\t\t\t<label for=\"form-field-field_9e802a7\" class=\"elementor-field-label\">\r\n\t\t\t\t\t\t\t\tS\u00e9lectionne le sujet \t\t\t\t\t\t\t<\/label>\r\n\t\t\t\t\t\t<div class=\"elementor-field-subgroup  \"><span class=\"elementor-field-option\"><input type=\"checkbox\" value=\"Message g\u00e9n\u00e9ral\" id=\"form-field-field_9e802a7-0\" name=\"form_fields[field_9e802a7][]\"> <label for=\"form-field-field_9e802a7-0\">Message g\u00e9n\u00e9ral<\/label><\/span><span class=\"elementor-field-option\"><input type=\"checkbox\" value=\"Offres \" id=\"form-field-field_9e802a7-1\" name=\"form_fields[field_9e802a7][]\"> <label for=\"form-field-field_9e802a7-1\">Offres <\/label><\/span><span class=\"elementor-field-option\"><input type=\"checkbox\" value=\"Produits \" id=\"form-field-field_9e802a7-2\" name=\"form_fields[field_9e802a7][]\"> <label for=\"form-field-field_9e802a7-2\">Produits <\/label><\/span><span class=\"elementor-field-option\"><input type=\"checkbox\" value=\"Autre\" id=\"form-field-field_9e802a7-3\" name=\"form_fields[field_9e802a7][]\"> <label for=\"form-field-field_9e802a7-3\">Autre<\/label><\/span><\/div>\t\t\t\t<\/div>\r\n\t\t\t\t\t\t\t\t<div class=\"elementor-field-type-textarea elementor-field-group elementor-column elementor-field-group-message elementor-col-100\">\r\n\t\t\t\t\t\t\t\t\t\t\t\t<label for=\"form-field-message\" class=\"elementor-field-label\">\r\n\t\t\t\t\t\t\t\tMessage\t\t\t\t\t\t\t<\/label>\r\n\t\t\t\t\t\t<textarea class=\"elementor-field-textual elementor-field  elementor-size-sm\" name=\"form_fields[message]\" id=\"form-field-message\" rows=\"4\" placeholder=\"\u00c9crivez votre message ici \"><\/textarea>\t\t\t\t<\/div>\r\n\t\t\t\t\t\t\t\t<div class=\"elementor-field-group elementor-column elementor-field-type-submit elementor-col-100 e-form__buttons\">\r\n\t\t\t\t\t<button class=\"elementor-button elementor-size-sm\" type=\"submit\">\r\n\t\t\t\t\t\t<span class=\"elementor-button-content-wrapper\">\r\n\t\t\t\t\t\t\t\t\t\t\t\t\t\t\t\t\t\t\t\t\t\t<span class=\"elementor-button-text\">Envoyez le message <\/span>\r\n\t\t\t\t\t\t\t\t\t\t\t\t\t<\/span>\r\n\t\t\t\t\t<\/button>\r\n\t\t\t\t<\/div>\r\n\t\t\t<\/div>\r\n\t\t<\/form>\r\n\t\t\t\t\t\t<\/div>\n\t\t\t\t<\/div>\n\t\t\t\t<\/div>\n\t\t\t\t<\/div>\n\t\t\t\t\t<\/div>\n\t\t\t\t<\/div>\n\t\t\t\t<\/div>\n\t\t","protected":false},"excerpt":{"rendered":"<p>Contactez-nous ! Informations de contact Des questions ou des remarques ?\u00c9crivez-nous simplement un message ! \u00a0+33 (0)4 73 53 06 68 accueil@oriane-nature.com 4, Le Pont Martel 63120 Courpiere, FRANCE<\/p>","protected":false},"author":1,"featured_media":0,"parent":0,"menu_order":0,"comment_status":"closed","ping_status":"closed","template":"elementor_header_footer","meta":{"inline_featured_image":false,"footnotes":""},"class_list":["post-4511","page","type-page","status-publish","hentry"],"yoast_head":"<!-- This site is optimized with the Yoast SEO plugin v27.0 - https:\/\/yoast.com\/product\/yoast-seo-wordpress\/ -->\n<title>Oriane Contact - Oriane<\/title>\n<meta name=\"robots\" content=\"index, follow, max-snippet:-1, max-image-preview:large, max-video-preview:-1\" \/>\n<link rel=\"canonical\" href=\"https:\/\/www.oriane-nature.com\/en_us\/oriane-contact\/\" \/>\n<meta property=\"og:locale\" content=\"en_US\" \/>\n<meta property=\"og:type\" content=\"article\" \/>\n<meta property=\"og:title\" content=\"Oriane Contact - Oriane\" \/>\n<meta property=\"og:description\" content=\"Contactez-nous ! Informations de contact Des questions ou des remarques ?\u00c9crivez-nous simplement un message ! \u00a0+33 (0)4 73 53 06 68 accueil@oriane-nature.com 4, Le Pont Martel 63120 Courpiere, FRANCE\" \/>\n<meta property=\"og:url\" content=\"https:\/\/www.oriane-nature.com\/en_us\/oriane-contact\/\" \/>\n<meta property=\"og:site_name\" content=\"Oriane\" \/>\n<meta property=\"article:modified_time\" content=\"2025-02-03T14:18:24+00:00\" \/>\n<meta name=\"twitter:card\" content=\"summary_large_image\" \/>\n<script type=\"application\/ld+json\" class=\"yoast-schema-graph\">{\"@context\":\"https:\/\/schema.org\",\"@graph\":[{\"@type\":\"WebPage\",\"@id\":\"https:\/\/www.oriane-nature.com\/oriane-contact\/\",\"url\":\"https:\/\/www.oriane-nature.com\/oriane-contact\/\",\"name\":\"Oriane Contact - Oriane\",\"isPartOf\":{\"@id\":\"https:\/\/www.oriane-nature.com\/#website\"},\"datePublished\":\"2025-01-27T08:27:25+00:00\",\"dateModified\":\"2025-02-03T14:18:24+00:00\",\"breadcrumb\":{\"@id\":\"https:\/\/www.oriane-nature.com\/oriane-contact\/#breadcrumb\"},\"inLanguage\":\"en-US\",\"potentialAction\":[{\"@type\":\"ReadAction\",\"target\":[\"https:\/\/www.oriane-nature.com\/oriane-contact\/\"]}]},{\"@type\":\"BreadcrumbList\",\"@id\":\"https:\/\/www.oriane-nature.com\/oriane-contact\/#breadcrumb\",\"itemListElement\":[{\"@type\":\"ListItem\",\"position\":1,\"name\":\"Home\",\"item\":\"https:\/\/www.oriane-nature.com\/\"},{\"@type\":\"ListItem\",\"position\":2,\"name\":\"Oriane Contact\"}]},{\"@type\":\"WebSite\",\"@id\":\"https:\/\/www.oriane-nature.com\/#website\",\"url\":\"https:\/\/www.oriane-nature.com\/\",\"name\":\"Oriane\",\"description\":\"\",\"potentialAction\":[{\"@type\":\"SearchAction\",\"target\":{\"@type\":\"EntryPoint\",\"urlTemplate\":\"https:\/\/www.oriane-nature.com\/?s={search_term_string}\"},\"query-input\":{\"@type\":\"PropertyValueSpecification\",\"valueRequired\":true,\"valueName\":\"search_term_string\"}}],\"inLanguage\":\"en-US\"}]}<\/script>\n<!-- \/ Yoast SEO plugin. -->","yoast_head_json":{"title":"Oriane Contact - Oriane","robots":{"index":"index","follow":"follow","max-snippet":"max-snippet:-1","max-image-preview":"max-image-preview:large","max-video-preview":"max-video-preview:-1"},"canonical":"https:\/\/www.oriane-nature.com\/en_us\/oriane-contact\/","og_locale":"en_US","og_type":"article","og_title":"Oriane Contact - Oriane","og_description":"Contactez-nous ! Informations de contact Des questions ou des remarques ?\u00c9crivez-nous simplement un message ! \u00a0+33 (0)4 73 53 06 68 accueil@oriane-nature.com 4, Le Pont Martel 63120 Courpiere, FRANCE","og_url":"https:\/\/www.oriane-nature.com\/en_us\/oriane-contact\/","og_site_name":"Oriane","article_modified_time":"2025-02-03T14:18:24+00:00","twitter_card":"summary_large_image","schema":{"@context":"https:\/\/schema.org","@graph":[{"@type":"WebPage","@id":"https:\/\/www.oriane-nature.com\/oriane-contact\/","url":"https:\/\/www.oriane-nature.com\/oriane-contact\/","name":"Oriane Contact - Oriane","isPartOf":{"@id":"https:\/\/www.oriane-nature.com\/#website"},"datePublished":"2025-01-27T08:27:25+00:00","dateModified":"2025-02-03T14:18:24+00:00","breadcrumb":{"@id":"https:\/\/www.oriane-nature.com\/oriane-contact\/#breadcrumb"},"inLanguage":"en-US","potentialAction":[{"@type":"ReadAction","target":["https:\/\/www.oriane-nature.com\/oriane-contact\/"]}]},{"@type":"BreadcrumbList","@id":"https:\/\/www.oriane-nature.com\/oriane-contact\/#breadcrumb","itemListElement":[{"@type":"ListItem","position":1,"name":"Home","item":"https:\/\/www.oriane-nature.com\/"},{"@type":"ListItem","position":2,"name":"Oriane Contact"}]},{"@type":"WebSite","@id":"https:\/\/www.oriane-nature.com\/#website","url":"https:\/\/www.oriane-nature.com\/","name":"Oriane","description":"","potentialAction":[{"@type":"SearchAction","target":{"@type":"EntryPoint","urlTemplate":"https:\/\/www.oriane-nature.com\/?s={search_term_string}"},"query-input":{"@type":"PropertyValueSpecification","valueRequired":true,"valueName":"search_term_string"}}],"inLanguage":"en-US"}]}},"_links":{"self":[{"href":"https:\/\/www.oriane-nature.com\/en_us\/wp-json\/wp\/v2\/pages\/4511","targetHints":{"allow":["GET"]}}],"collection":[{"href":"https:\/\/www.oriane-nature.com\/en_us\/wp-json\/wp\/v2\/pages"}],"about":[{"href":"https:\/\/www.oriane-nature.com\/en_us\/wp-json\/wp\/v2\/types\/page"}],"author":[{"embeddable":true,"href":"https:\/\/www.oriane-nature.com\/en_us\/wp-json\/wp\/v2\/users\/1"}],"replies":[{"embeddable":true,"href":"https:\/\/www.oriane-nature.com\/en_us\/wp-json\/wp\/v2\/comments?post=4511"}],"version-history":[{"count":49,"href":"https:\/\/www.oriane-nature.com\/en_us\/wp-json\/wp\/v2\/pages\/4511\/revisions"}],"predecessor-version":[{"id":5336,"href":"https:\/\/www.oriane-nature.com\/en_us\/wp-json\/wp\/v2\/pages\/4511\/revisions\/5336"}],"wp:attachment":[{"href":"https:\/\/www.oriane-nature.com\/en_us\/wp-json\/wp\/v2\/media?parent=4511"}],"curies":[{"name":"wp","href":"https:\/\/api.w.org\/{rel}","templated":true}]}}