{"id":5834,"date":"2025-03-17T09:48:55","date_gmt":"2025-03-17T09:48:55","guid":{"rendered":"https:\/\/www.oriane-nature.com\/?page_id=5834"},"modified":"2026-02-20T15:30:36","modified_gmt":"2026-02-20T15:30:36","slug":"carriere","status":"publish","type":"page","link":"https:\/\/www.oriane-nature.com\/en_us\/carriere\/","title":{"rendered":"Carriere"},"content":{"rendered":"<div data-elementor-type=\"wp-page\" data-elementor-id=\"5834\" class=\"elementor elementor-5834\" data-elementor-post-type=\"page\">\n\t\t\t\t<div class=\"elementor-element elementor-element-23b84a2 e-flex e-con-boxed e-con e-parent\" data-id=\"23b84a2\" data-element_type=\"container\">\n\t\t\t\t\t<div class=\"e-con-inner\">\n\t\t\t\t<div class=\"elementor-element elementor-element-090b55e elementor-invisible elementor-widget elementor-widget-heading\" data-id=\"090b55e\" data-element_type=\"widget\" data-settings=\"{&quot;_animation&quot;:&quot;fadeInUp&quot;}\" data-widget_type=\"heading.default\">\n\t\t\t\t<div class=\"elementor-widget-container\">\n\t\t\t\t\t<h2 class=\"elementor-heading-title elementor-size-default\">Carri\u00e8re<\/h2>\t\t\t\t<\/div>\n\t\t\t\t<\/div>\n\t\t\t\t<div class=\"elementor-element elementor-element-c66d28a elementor-widget__width-initial elementor-invisible elementor-widget elementor-widget-text-editor\" data-id=\"c66d28a\" data-element_type=\"widget\" data-settings=\"{&quot;_animation&quot;:&quot;fadeInUp&quot;,&quot;_animation_delay&quot;:300}\" data-widget_type=\"text-editor.default\">\n\t\t\t\t<div class=\"elementor-widget-container\">\n\t\t\t\t\t\t\t\t\t<p class=\"p1\">Envie de rejoindre une \u00e9quipe passionn\u00e9e et dynamique ? D\u00e9couvrez nos offres d\u2019emploi et venez contribuer \u00e0 notre mission chez Oriane Nature : offrir des produits authentiques tout en respectant la nature.<\/p><p class=\"p1\">Si vous partagez nos valeurs et souhaitez faire partie de l\u2019aventure, on vous attend !<\/p>\t\t\t\t\t\t\t\t<\/div>\n\t\t\t\t<\/div>\n\t\t\t\t\t<\/div>\n\t\t\t\t<\/div>\n\t\t<div class=\"elementor-element elementor-element-c3a894b e-flex e-con-boxed e-con e-parent\" data-id=\"c3a894b\" data-element_type=\"container\">\n\t\t\t\t\t<div class=\"e-con-inner\">\n\t\t\t\t<div class=\"elementor-element elementor-element-9ba8fbf elementor-widget elementor-widget-menu-anchor\" data-id=\"9ba8fbf\" data-element_type=\"widget\" data-widget_type=\"menu-anchor.default\">\n\t\t\t\t<div class=\"elementor-widget-container\">\n\t\t\t\t\t\t\t<div class=\"elementor-menu-anchor\" id=\"activits\"><\/div>\n\t\t\t\t\t\t<\/div>\n\t\t\t\t<\/div>\n\t\t\t\t\t<\/div>\n\t\t\t\t<\/div>\n\t\t\t\t<\/div>","protected":false},"excerpt":{"rendered":"<p>Carri\u00e8re Envie de rejoindre une \u00e9quipe passionn\u00e9e et dynamique ? D\u00e9couvrez nos offres d\u2019emploi et venez contribuer \u00e0 notre mission chez Oriane Nature : offrir des produits authentiques tout en respectant la nature. Si vous partagez nos valeurs et souhaitez faire partie de l\u2019aventure, on vous attend !<\/p>","protected":false},"author":4,"featured_media":0,"parent":0,"menu_order":0,"comment_status":"closed","ping_status":"closed","template":"elementor_header_footer","meta":{"inline_featured_image":false,"footnotes":""},"class_list":["post-5834","page","type-page","status-publish","hentry"],"yoast_head":"<!-- This site is optimized with the Yoast SEO plugin v27.0 - https:\/\/yoast.com\/product\/yoast-seo-wordpress\/ -->\n<title>Carriere - Oriane<\/title>\n<meta name=\"robots\" content=\"index, follow, max-snippet:-1, max-image-preview:large, max-video-preview:-1\" \/>\n<link rel=\"canonical\" href=\"https:\/\/www.oriane-nature.com\/en_us\/carriere\/\" \/>\n<meta property=\"og:locale\" content=\"en_US\" \/>\n<meta property=\"og:type\" content=\"article\" \/>\n<meta property=\"og:title\" content=\"Carriere - Oriane\" \/>\n<meta property=\"og:description\" content=\"Carri\u00e8re Envie de rejoindre une \u00e9quipe passionn\u00e9e et dynamique ? D\u00e9couvrez nos offres d\u2019emploi et venez contribuer \u00e0 notre mission chez Oriane Nature : offrir des produits authentiques tout en respectant la nature. Si vous partagez nos valeurs et souhaitez faire partie de l\u2019aventure, on vous attend !\" \/>\n<meta property=\"og:url\" content=\"https:\/\/www.oriane-nature.com\/en_us\/carriere\/\" \/>\n<meta property=\"og:site_name\" content=\"Oriane\" \/>\n<meta property=\"article:modified_time\" content=\"2026-02-20T15:30:36+00:00\" \/>\n<meta name=\"twitter:card\" content=\"summary_large_image\" \/>\n<meta name=\"twitter:label1\" content=\"Est. reading time\" \/>\n\t<meta name=\"twitter:data1\" content=\"1 minute\" \/>\n<script type=\"application\/ld+json\" class=\"yoast-schema-graph\">{\"@context\":\"https:\/\/schema.org\",\"@graph\":[{\"@type\":\"WebPage\",\"@id\":\"https:\/\/www.oriane-nature.com\/carriere\/\",\"url\":\"https:\/\/www.oriane-nature.com\/carriere\/\",\"name\":\"Carriere - Oriane\",\"isPartOf\":{\"@id\":\"https:\/\/www.oriane-nature.com\/#website\"},\"datePublished\":\"2025-03-17T09:48:55+00:00\",\"dateModified\":\"2026-02-20T15:30:36+00:00\",\"breadcrumb\":{\"@id\":\"https:\/\/www.oriane-nature.com\/carriere\/#breadcrumb\"},\"inLanguage\":\"en-US\",\"potentialAction\":[{\"@type\":\"ReadAction\",\"target\":[\"https:\/\/www.oriane-nature.com\/carriere\/\"]}]},{\"@type\":\"BreadcrumbList\",\"@id\":\"https:\/\/www.oriane-nature.com\/carriere\/#breadcrumb\",\"itemListElement\":[{\"@type\":\"ListItem\",\"position\":1,\"name\":\"Home\",\"item\":\"https:\/\/www.oriane-nature.com\/\"},{\"@type\":\"ListItem\",\"position\":2,\"name\":\"Carriere\"}]},{\"@type\":\"WebSite\",\"@id\":\"https:\/\/www.oriane-nature.com\/#website\",\"url\":\"https:\/\/www.oriane-nature.com\/\",\"name\":\"Oriane\",\"description\":\"\",\"potentialAction\":[{\"@type\":\"SearchAction\",\"target\":{\"@type\":\"EntryPoint\",\"urlTemplate\":\"https:\/\/www.oriane-nature.com\/?s={search_term_string}\"},\"query-input\":{\"@type\":\"PropertyValueSpecification\",\"valueRequired\":true,\"valueName\":\"search_term_string\"}}],\"inLanguage\":\"en-US\"}]}<\/script>\n<!-- \/ Yoast SEO plugin. -->","yoast_head_json":{"title":"Carriere - Oriane","robots":{"index":"index","follow":"follow","max-snippet":"max-snippet:-1","max-image-preview":"max-image-preview:large","max-video-preview":"max-video-preview:-1"},"canonical":"https:\/\/www.oriane-nature.com\/en_us\/carriere\/","og_locale":"en_US","og_type":"article","og_title":"Carriere - Oriane","og_description":"Carri\u00e8re Envie de rejoindre une \u00e9quipe passionn\u00e9e et dynamique ? D\u00e9couvrez nos offres d\u2019emploi et venez contribuer \u00e0 notre mission chez Oriane Nature : offrir des produits authentiques tout en respectant la nature. Si vous partagez nos valeurs et souhaitez faire partie de l\u2019aventure, on vous attend !","og_url":"https:\/\/www.oriane-nature.com\/en_us\/carriere\/","og_site_name":"Oriane","article_modified_time":"2026-02-20T15:30:36+00:00","twitter_card":"summary_large_image","twitter_misc":{"Est. reading time":"1 minute"},"schema":{"@context":"https:\/\/schema.org","@graph":[{"@type":"WebPage","@id":"https:\/\/www.oriane-nature.com\/carriere\/","url":"https:\/\/www.oriane-nature.com\/carriere\/","name":"Carriere - Oriane","isPartOf":{"@id":"https:\/\/www.oriane-nature.com\/#website"},"datePublished":"2025-03-17T09:48:55+00:00","dateModified":"2026-02-20T15:30:36+00:00","breadcrumb":{"@id":"https:\/\/www.oriane-nature.com\/carriere\/#breadcrumb"},"inLanguage":"en-US","potentialAction":[{"@type":"ReadAction","target":["https:\/\/www.oriane-nature.com\/carriere\/"]}]},{"@type":"BreadcrumbList","@id":"https:\/\/www.oriane-nature.com\/carriere\/#breadcrumb","itemListElement":[{"@type":"ListItem","position":1,"name":"Home","item":"https:\/\/www.oriane-nature.com\/"},{"@type":"ListItem","position":2,"name":"Carriere"}]},{"@type":"WebSite","@id":"https:\/\/www.oriane-nature.com\/#website","url":"https:\/\/www.oriane-nature.com\/","name":"Oriane","description":"","potentialAction":[{"@type":"SearchAction","target":{"@type":"EntryPoint","urlTemplate":"https:\/\/www.oriane-nature.com\/?s={search_term_string}"},"query-input":{"@type":"PropertyValueSpecification","valueRequired":true,"valueName":"search_term_string"}}],"inLanguage":"en-US"}]}},"_links":{"self":[{"href":"https:\/\/www.oriane-nature.com\/en_us\/wp-json\/wp\/v2\/pages\/5834","targetHints":{"allow":["GET"]}}],"collection":[{"href":"https:\/\/www.oriane-nature.com\/en_us\/wp-json\/wp\/v2\/pages"}],"about":[{"href":"https:\/\/www.oriane-nature.com\/en_us\/wp-json\/wp\/v2\/types\/page"}],"author":[{"embeddable":true,"href":"https:\/\/www.oriane-nature.com\/en_us\/wp-json\/wp\/v2\/users\/4"}],"replies":[{"embeddable":true,"href":"https:\/\/www.oriane-nature.com\/en_us\/wp-json\/wp\/v2\/comments?post=5834"}],"version-history":[{"count":28,"href":"https:\/\/www.oriane-nature.com\/en_us\/wp-json\/wp\/v2\/pages\/5834\/revisions"}],"predecessor-version":[{"id":6295,"href":"https:\/\/www.oriane-nature.com\/en_us\/wp-json\/wp\/v2\/pages\/5834\/revisions\/6295"}],"wp:attachment":[{"href":"https:\/\/www.oriane-nature.com\/en_us\/wp-json\/wp\/v2\/media?parent=5834"}],"curies":[{"name":"wp","href":"https:\/\/api.w.org\/{rel}","templated":true}]}}